{"id":2475,"date":"2025-07-19T21:43:21","date_gmt":"2025-07-19T19:43:21","guid":{"rendered":"https:\/\/krzywiec200lat.pl\/?page_id=2475"},"modified":"2025-07-23T08:24:49","modified_gmt":"2025-07-23T06:24:49","slug":"wspomnienie-1981","status":"publish","type":"page","link":"https:\/\/krzywiec200lat.pl\/index.php\/wspomnienie-1981\/","title":{"rendered":"Wpomnienie sprzed 44 lat"},"content":{"rendered":"\n<p><strong>Wspomnienie sprzed 44 lat &#8230;<\/strong><\/p>\n\n\n\n<p class=\"blockart-paragraph blockart-paragraph-30b2cc8c\">Trafi\u0142y do nas z prywatnego archiwum unikalne zdj\u0119cia z przesz\u0142o\u015bci pochodz\u0105ce z wyj\u0105tkowego wydarzenia<strong> <\/strong>\u2013\u00a0wycieczki mieszka\u0144c\u00f3w naszej miejscowo\u015bci do Tr\u00f3jmiasta, kt\u00f3ra odby\u0142a si\u0119 44 lata temu. Cho\u0107 min\u0119\u0142o ju\u017c wiele lat, fotografie zachowa\u0142y bezcenny fragment wsp\u00f3lnie sp\u0119dzonego czasu \u2013 u\u015bmiechy, rozmowy, chwile rado\u015bci. To mieszka\u0144cy Krzywca i okolic, R\u0105bienia, R\u0105binka i Niesi\u0119cina.<br><div  id=\"jtg-2484\" class=\"modula modula-gallery modula-custom-grid\" data-config=\"{&quot;height&quot;:800,&quot;tabletHeight&quot;:800,&quot;mobileHeight&quot;:800,&quot;desktopHeight&quot;:800,&quot;enableTwitter&quot;:false,&quot;enableWhatsapp&quot;:false,&quot;enableFacebook&quot;:false,&quot;enablePinterest&quot;:false,&quot;enableLinkedin&quot;:false,&quot;enableEmail&quot;:false,&quot;randomFactor&quot;:0.5,&quot;type&quot;:&quot;custom-grid&quot;,&quot;columns&quot;:12,&quot;gutter&quot;:3,&quot;mobileGutter&quot;:3,&quot;tabletGutter&quot;:3,&quot;desktopGutter&quot;:3,&quot;enableResponsive&quot;:&quot;0&quot;,&quot;tabletColumns&quot;:2,&quot;mobileColumns&quot;:1,&quot;lazyLoad&quot;:0,&quot;lightboxOpts&quot;:{&quot;animated&quot;:true,&quot;Thumbs&quot;:{&quot;type&quot;:&quot;modern&quot;,&quot;showOnStart&quot;:false},&quot;Toolbar&quot;:{&quot;display&quot;:{&quot;right&quot;:[&quot;close&quot;]},&quot;enabled&quot;:true},&quot;Carousel&quot;:{&quot;Panzoom&quot;:{&quot;touch&quot;:true},&quot;infinite&quot;:false},&quot;keyboard&quot;:{&quot;Escape&quot;:&quot;close&quot;,&quot;Delete&quot;:&quot;close&quot;,&quot;Backspace&quot;:&quot;close&quot;,&quot;PageUp&quot;:false,&quot;PageDown&quot;:false,&quot;ArrowUp&quot;:false,&quot;ArrowDown&quot;:false,&quot;ArrowRight&quot;:false,&quot;ArrowLeft&quot;:false},&quot;touch&quot;:false,&quot;backdropClick&quot;:false,&quot;l10n&quot;:{&quot;CLOSE&quot;:&quot;Zamknij&quot;,&quot;NEXT&quot;:&quot;Nast\\u0119pny&quot;,&quot;PREV&quot;:&quot;Poprzedni&quot;,&quot;Error&quot;:&quot;Nie mo\\u017cna wczyta\\u0107 \\u017c\\u0105danej tre\\u015bci. Spr\\u00f3buj ponownie p\\u00f3\\u017aniej.&quot;,&quot;PLAY_START&quot;:&quot;Rozpocznij pokaz slajd\\u00f3w&quot;,&quot;PLAY_STOP&quot;:&quot;Zatrzymaj pokaz slajd\\u00f3w&quot;,&quot;FULL_SCREEN&quot;:&quot;Pe\\u0142ny ekran&quot;,&quot;THUMBS&quot;:&quot;Miniaturki&quot;,&quot;DOWNLOAD&quot;:&quot;Pobieranie&quot;,&quot;SHARE&quot;:&quot;Udost\\u0119pnij&quot;,&quot;ZOOM&quot;:&quot;Powi\\u0119kszenie&quot;,&quot;EMAIL&quot;:&quot;Here is the link to the image : %%image_link%% and this is the link to the gallery : %%gallery_link%%&quot;,&quot;MODAL&quot;:&quot;Mo\\u017cesz zamkn\\u0105\\u0107 t\\u0119 zawarto\\u015b\\u0107 okna modalnego za pomoc\\u0105 klawisza ESC&quot;,&quot;ERROR&quot;:&quot;Co\\u015b posz\\u0142o nie tak. Spr\\u00f3buj ponownie p\\u00f3\\u017aniej&quot;,&quot;IMAGE_ERROR&quot;:&quot;Nie znaleziono obrazka&quot;,&quot;ELEMENT_NOT_FOUND&quot;:&quot;Nie znaleziono elementu HTML&quot;,&quot;AJAX_NOT_FOUND&quot;:&quot;B\\u0142\\u0105d wczytywania AJAX: Nie znaleziono&quot;,&quot;AJAX_FORBIDDEN&quot;:&quot;B\\u0142\\u0105d wczytywania AJAX: Zabronione&quot;,&quot;IFRAME_ERROR&quot;:&quot;B\\u0142\\u0105d wczytywania strony&quot;,&quot;TOGGLE_ZOOM&quot;:&quot;Prze\\u0142\\u0105cz poziom powi\\u0119kszenia&quot;,&quot;TOGGLE_THUMBS&quot;:&quot;Prze\\u0142\\u0105cz miniaturki&quot;,&quot;TOGGLE_SLIDESHOW&quot;:&quot;Prze\\u0142\\u0105cz pokaz slajd\\u00f3w&quot;,&quot;TOGGLE_FULLSCREEN&quot;:&quot;Prze\\u0142\\u0105cz tryb pe\\u0142noekranowy&quot;},&quot;Images&quot;:{&quot;Panzoom&quot;:{&quot;maxScale&quot;:2}},&quot;mainClass&quot;:&quot;modula-fancybox-container modula-lightbox-jtg-2484&quot;,&quot;Html&quot;:{&quot;videoAutoplay&quot;:0,&quot;videoTpl&quot;:&quot;&lt;video class=\\&quot;fancybox__html5video\\&quot; controls muted playsinline controlsList controlsList=\\&quot;nodownload\\&quot; poster=\\&quot;{{poster}}\\&quot; src=\\&quot;{{src}}\\&quot; type=\\&quot;{{format}}\\&quot; &gt;  Sorry, your browser doesn&#039;t support embedded videos, &lt;a href=\\&quot;{{src}}\\&quot;&gt; download &lt;\\\/a&gt; and watch with your favorite video player! &lt;\\\/video&gt;&quot;}},&quot;inView&quot;:false,&quot;email_subject&quot;:&quot;Sprawd\\u017a ten niesamowity obrazek!&quot;,&quot;email_message&quot;:&quot;Oto odno\\u015bnik do obrazku: %%image_link%%, a to odno\\u015bnik do galerii: %%gallery_link%%&quot;,&quot;lightbox&quot;:&quot;fancybox&quot;}\">\n\n\t\n\t<div  class=\"modula-items\">\n\t\t<div class=\"modula-item effect-pufrobo\" data-width=\"2\" data-height=\"2\" >\n\t<div class=\"modula-item-overlay\"><\/div>\n\n\t<div class=\"modula-item-content\">\n\n\t\t<a data-image-id=\"2477\" role=\"button\" tabindex=\"0\" rel=\"jtg-2484\" data-caption=\"\" aria-label=\"Otw\u00f3rz obrazek w lightboxie\" class=\"tile-inner modula-item-link\"><\/a><img loading=\"lazy\" decoding=\"async\" class=\"pic wp-image-2477\"  data-valign=\"middle\" data-halign=\"center\" alt=\"\" data-full=\"https:\/\/krzywiec200lat.pl\/wp-content\/uploads\/2025\/07\/mieszkancy_wycieczka_1981_1.jpg\" title=\"_mieszkancy_wycieczka_1981_1\" crop=\"\" width=\"150\" height=\"150\" src=\"https:\/\/krzywiec200lat.pl\/wp-content\/uploads\/2025\/07\/mieszkancy_wycieczka_1981_1-150x150.jpg\" data-src=\"https:\/\/krzywiec200lat.pl\/wp-content\/uploads\/2025\/07\/mieszkancy_wycieczka_1981_1-150x150.jpg\" data-caption=\"\"\/>\n\t\t<div class=\"figc no-description\">\n\t\t\t<div class=\"figc-inner\">\n\t\t\t\t\t\t\t\t\t\t\t\t\t\t\t<\/div>\n\t\t<\/div>\n\n\t<\/div>\n\n<\/div><div class=\"modula-item effect-pufrobo\" data-width=\"2\" data-height=\"2\" >\n\t<div class=\"modula-item-overlay\"><\/div>\n\n\t<div class=\"modula-item-content\">\n\n\t\t<a data-image-id=\"2478\" role=\"button\" tabindex=\"0\" rel=\"jtg-2484\" data-caption=\"\" aria-label=\"Otw\u00f3rz obrazek w lightboxie\" class=\"tile-inner modula-item-link\"><\/a><img loading=\"lazy\" decoding=\"async\" class=\"pic wp-image-2478\"  data-valign=\"middle\" data-halign=\"center\" alt=\"\" data-full=\"https:\/\/krzywiec200lat.pl\/wp-content\/uploads\/2025\/07\/mieszkancy_wycieczka_1981_2.jpg\" title=\"_mieszkancy_wycieczka_1981_2\" crop=\"\" width=\"150\" height=\"150\" src=\"https:\/\/krzywiec200lat.pl\/wp-content\/uploads\/2025\/07\/mieszkancy_wycieczka_1981_2-150x150.jpg\" data-src=\"https:\/\/krzywiec200lat.pl\/wp-content\/uploads\/2025\/07\/mieszkancy_wycieczka_1981_2-150x150.jpg\" data-caption=\"\"\/>\n\t\t<div class=\"figc no-description\">\n\t\t\t<div class=\"figc-inner\">\n\t\t\t\t\t\t\t\t\t\t\t\t\t\t\t<\/div>\n\t\t<\/div>\n\n\t<\/div>\n\n<\/div>\t\t\n\t<\/div>\n\n\t\n\t\n\t<script type=\"application\/ld+json\">\n\t{\n\t\t\"@context\": \"http:\/\/schema.org\",\n\t\t\"@type\"   : \"ImageGallery\",\n\t\t\"id\"      : \"https:\/\/krzywiec200lat.pl\/index.php\/wspomnienie-1981\/\",\n\t\t\"url\"     : \"https:\/\/krzywiec200lat.pl\/index.php\/wspomnienie-1981\/\"\n\t}\n\n\t<\/script>\n\n\t\n<\/div>\n<br>To \u015bwietna okazja, by powspomina\u0107, podzieli\u0107 si\u0119 historiami, a mo\u017ce nawet odnale\u017a\u0107 dawno niewidziane twarze. Mo\u017ce kto\u015b z Pa\u0144stwa bra\u0142 udzia\u0142 w tej wycieczce ? Mo\u017ce odnajdziecie na fotografii siebie, kogo\u015b z rodziny, s\u0105siad\u00f3w, przyjaci\u00f3\u0142 lub nauczycieli ? A mo\u017ce pami\u0119tacie sam\u0105 wypraw\u0119 \u2013 jak zosta\u0142a zorganizowana, co zwiedzano, kto prowadzi\u0142 grup\u0119 ?<br><br>Zach\u0119camy do dzielenia si\u0119 wspomnieniami poprzez kontakt mailowy na adres <em><strong>kontakt@krzywiec200lat.pl<\/strong><\/em>. Chcieliby\u015bmy wsp\u00f3lnie z Pa\u0144stwem odtworzy\u0107 t\u0119 podr\u00f3\u017c w czasie \u2013 opowie\u015bci, atmosfer\u0119 tamtych dni. To nie tylko sentymentalna pami\u0105tka, ale te\u017c wa\u017cna cz\u0119\u015b\u0107 lokalnej historii, kt\u00f3r\u0105 chcemy ocali\u0107 od zapomnienia. Je\u015bli posiadacie Pa\u0144stwo inne zdj\u0119cia z tej wycieczki lub innych wydarze\u0144 z przesz\u0142o\u015bci \u2013 serdecznie zapraszamy do ich udost\u0119pnienia. Ch\u0119tnie opublikujemy je w kolejnych cz\u0119\u015bciach naszego cyklu \u201eK\u0105cik historyczny\u201d.<\/p>\n\n\n\n<p>Z wyrazami szacunku,<br><strong>Komitet Organizacyjny Obchod\u00f3w 200-lecia Krzywca<\/strong>&nbsp;<\/p>\n\n\n\n<p><\/p>\n","protected":false},"excerpt":{"rendered":"<p>Wspomnienie sprzed 44 lat &#8230; Z wyrazami szacunku,Komitet Organizacyjny Obchod\u00f3w 200-lecia Krzywca&nbsp;<\/p>\n","protected":false},"author":1,"featured_media":0,"parent":0,"menu_order":0,"comment_status":"closed","ping_status":"closed","template":"","meta":{"zakra_page_container_layout":"customizer","zakra_page_sidebar_layout":"customizer","zakra_remove_content_margin":false,"zakra_sidebar":"customizer","zakra_transparent_header":"customizer","zakra_logo":0,"zakra_main_header_style":"default","zakra_menu_item_color":"","zakra_menu_item_hover_color":"","zakra_menu_item_active_color":"","zakra_menu_active_style":"","zakra_page_header":true,"footnotes":""},"class_list":["post-2475","page","type-page","status-publish","hentry"],"_links":{"self":[{"href":"https:\/\/krzywiec200lat.pl\/index.php\/wp-json\/wp\/v2\/pages\/2475","targetHints":{"allow":["GET"]}}],"collection":[{"href":"https:\/\/krzywiec200lat.pl\/index.php\/wp-json\/wp\/v2\/pages"}],"about":[{"href":"https:\/\/krzywiec200lat.pl\/index.php\/wp-json\/wp\/v2\/types\/page"}],"author":[{"embeddable":true,"href":"https:\/\/krzywiec200lat.pl\/index.php\/wp-json\/wp\/v2\/users\/1"}],"replies":[{"embeddable":true,"href":"https:\/\/krzywiec200lat.pl\/index.php\/wp-json\/wp\/v2\/comments?post=2475"}],"version-history":[{"count":13,"href":"https:\/\/krzywiec200lat.pl\/index.php\/wp-json\/wp\/v2\/pages\/2475\/revisions"}],"predecessor-version":[{"id":2532,"href":"https:\/\/krzywiec200lat.pl\/index.php\/wp-json\/wp\/v2\/pages\/2475\/revisions\/2532"}],"wp:attachment":[{"href":"https:\/\/krzywiec200lat.pl\/index.php\/wp-json\/wp\/v2\/media?parent=2475"}],"curies":[{"name":"wp","href":"https:\/\/api.w.org\/{rel}","templated":true}]}}